{"id":50,"date":"2023-05-20T15:37:26","date_gmt":"2023-05-20T15:37:26","guid":{"rendered":"https:\/\/osas-massage.de\/?page_id=50"},"modified":"2023-05-20T16:20:25","modified_gmt":"2023-05-20T16:20:25","slug":"ganzkoerpermassage","status":"publish","type":"page","link":"https:\/\/osas-massage.de\/index.php\/ganzkoerpermassage\/","title":{"rendered":"Ganzk\u00f6rpermassage"},"content":{"rendered":"\n<p>Eine Ganzk\u00f6rpermassage ist eine wunderbare Methode, um K\u00f6rper und Geist zu entspannen und das allgemeine Wohlbefinden zu steigern. Bei einer Ganzk\u00f6rpermassage werden verschiedene Massage-Techniken auf den gesamten K\u00f6rper angewendet, um Muskelverspannungen zu l\u00f6sen, die Durchblutung zu verbessern und Stress abzubauen.<\/p>\n\n\n\n<p>Die Massage beginnt in der Regel mit sanften Streichbewegungen, um den K\u00f6rper auf die Behandlung vorzubereiten. Anschlie\u00dfend werden tiefere Techniken wie Kneten, Dr\u00fccken und Reiben angewendet, um Verspannungen in den Muskeln zu l\u00f6sen. Der Masseur oder die Masseurin arbeitet sich systematisch von Kopf bis Fu\u00df vor und konzentriert sich auf bestimmte Bereiche, die besondere Aufmerksamkeit ben\u00f6tigen, wie zum Beispiel den Nacken, den R\u00fccken oder die Beine.<\/p>\n\n\n\n<p>W\u00e4hrend der Massage k\u00f6nnen \u00e4therische \u00d6le oder Lotionen verwendet werden, um die Massagegriffe zu erleichtern und die Haut zu pflegen. Diese duftenden Essenzen tragen auch zur Entspannung bei und sorgen f\u00fcr ein angenehmes Dufterlebnis.<\/p>\n\n\n\n<p>Eine Ganzk\u00f6rpermassage kann nicht nur k\u00f6rperliche Beschwerden lindern, sondern auch mentale und emotionale Entspannung bieten. Durch die Freisetzung von Endorphinen, den sogenannten &#8222;Gl\u00fcckshormonen&#8220;, f\u00fchlt man sich nach einer Massage oft entspannter und ausgeglichener. Die Ber\u00fchrung und das langsame Ausstreichen der Muskeln k\u00f6nnen eine beruhigende Wirkung auf das Nervensystem haben und Stress abbauen.<\/p>\n\n\n\n<p>Es ist wichtig, dass eine Ganzk\u00f6rpermassage von einem qualifizierten Masseur oder einer qualifizierten Masseurin durchgef\u00fchrt wird, der oder die \u00fcber Kenntnisse der Anatomie und der verschiedenen Massage-Techniken verf\u00fcgt. Vor der Massage sollte man eventuelle gesundheitliche Bedenken mit dem Masseur oder der Masseurin besprechen, um sicherzustellen, dass die Massage den individuellen Bed\u00fcrfnissen und Vorlieben entspricht.<\/p>\n\n\n\n<p>Insgesamt ist eine Ganzk\u00f6rpermassage eine wohltuende Erfahrung, die den K\u00f6rper entspannt, die Sinne belebt und das allgemeine Wohlbefinden f\u00f6rdert. Es ist eine Zeit, um dem hektischen Alltag zu entfliehen und sich ganz auf sich selbst zu konzentrieren, um neue Energie zu tanken und sich rundum wohlzuf\u00fchlen.<\/p>\n","protected":false},"excerpt":{"rendered":"<p>Eine Ganzk\u00f6rpermassage ist eine wunderbare Methode, um K\u00f6rper und Geist zu entspannen und das allgemeine Wohlbefinden zu steigern. Bei einer Ganzk\u00f6rpermassage werden verschiedene Massage-Techniken auf den gesamten K\u00f6rper angewendet, um &hellip; <\/p>\n","protected":false},"author":1,"featured_media":0,"parent":0,"menu_order":0,"comment_status":"closed","ping_status":"closed","template":"","meta":{"footnotes":""},"class_list":["post-50","page","type-page","status-publish","hentry"],"_links":{"self":[{"href":"https:\/\/osas-massage.de\/index.php\/wp-json\/wp\/v2\/pages\/50","targetHints":{"allow":["GET"]}}],"collection":[{"href":"https:\/\/osas-massage.de\/index.php\/wp-json\/wp\/v2\/pages"}],"about":[{"href":"https:\/\/osas-massage.de\/index.php\/wp-json\/wp\/v2\/types\/page"}],"author":[{"embeddable":true,"href":"https:\/\/osas-massage.de\/index.php\/wp-json\/wp\/v2\/users\/1"}],"replies":[{"embeddable":true,"href":"https:\/\/osas-massage.de\/index.php\/wp-json\/wp\/v2\/comments?post=50"}],"version-history":[{"count":2,"href":"https:\/\/osas-massage.de\/index.php\/wp-json\/wp\/v2\/pages\/50\/revisions"}],"predecessor-version":[{"id":92,"href":"https:\/\/osas-massage.de\/index.php\/wp-json\/wp\/v2\/pages\/50\/revisions\/92"}],"wp:attachment":[{"href":"https:\/\/osas-massage.de\/index.php\/wp-json\/wp\/v2\/media?parent=50"}],"curies":[{"name":"wp","href":"https:\/\/api.w.org\/{rel}","templated":true}]}}