{"id":45,"date":"2023-05-20T15:27:46","date_gmt":"2023-05-20T15:27:46","guid":{"rendered":"https:\/\/osas-massage.de\/?page_id=45"},"modified":"2023-05-20T17:10:55","modified_gmt":"2023-05-20T17:10:55","slug":"unser-services","status":"publish","type":"page","link":"https:\/\/osas-massage.de\/index.php\/unser-services\/","title":{"rendered":"Unsere Services"},"content":{"rendered":"\n<div class=\"wp-block-media-text alignwide is-stacked-on-mobile\"><figure class=\"wp-block-media-text__media\"><a href=\"https:\/\/osas-massage.de\/index.php\/ganzkoerpermassage\/\"><img loading=\"lazy\" decoding=\"async\" width=\"1024\" height=\"683\" src=\"https:\/\/osas-massage.de\/wp-content\/uploads\/2023\/05\/ganzkoerpermassage-1-1024x683.jpg\" alt=\"\" class=\"wp-image-127 size-full\" srcset=\"https:\/\/osas-massage.de\/wp-content\/uploads\/2023\/05\/ganzkoerpermassage-1-1024x683.jpg 1024w, https:\/\/osas-massage.de\/wp-content\/uploads\/2023\/05\/ganzkoerpermassage-1-300x200.jpg 300w, https:\/\/osas-massage.de\/wp-content\/uploads\/2023\/05\/ganzkoerpermassage-1-768x512.jpg 768w, https:\/\/osas-massage.de\/wp-content\/uploads\/2023\/05\/ganzkoerpermassage-1-1536x1024.jpg 1536w, https:\/\/osas-massage.de\/wp-content\/uploads\/2023\/05\/ganzkoerpermassage-1-90x60.jpg 90w, https:\/\/osas-massage.de\/wp-content\/uploads\/2023\/05\/ganzkoerpermassage-1-370x247.jpg 370w, https:\/\/osas-massage.de\/wp-content\/uploads\/2023\/05\/ganzkoerpermassage-1-776x517.jpg 776w, https:\/\/osas-massage.de\/wp-content\/uploads\/2023\/05\/ganzkoerpermassage-1.jpg 1920w\" sizes=\"auto, (max-width: 1024px) 100vw, 1024px\" \/><\/a><\/figure><div class=\"wp-block-media-text__content\">\n<p><strong>Ganzk\u00f6rpermassage<br><\/strong><br>Eine Ganzk\u00f6rpermassage ist eine wunderbare Methode, um K\u00f6rper und Geist zu entspannen und das allgemeine Wohlbefinden zu steigern.<\/p>\n<\/div><\/div>\n\n\n\n<hr class=\"wp-block-separator has-alpha-channel-opacity\"\/>\n\n\n\n<div class=\"wp-block-media-text alignwide has-media-on-the-right is-stacked-on-mobile\"><div class=\"wp-block-media-text__content\">\n<p><strong>R\u00fcckenmassage<\/strong><br><br>Eine R\u00fcckenmassage ist eine wohltuende und entspannende Behandlungsmethode, die darauf abzielt, Verspannungen, Stress und Schmerzen im R\u00fcckenbereich zu lindern.<\/p>\n<\/div><figure class=\"wp-block-media-text__media\"><a href=\"https:\/\/osas-massage.de\/index.php\/rueckenmassage\/\"><img loading=\"lazy\" decoding=\"async\" width=\"1024\" height=\"768\" src=\"https:\/\/osas-massage.de\/wp-content\/uploads\/2023\/05\/rueckenmassage-1-1024x768.jpg\" alt=\"\" class=\"wp-image-130 size-full\" srcset=\"https:\/\/osas-massage.de\/wp-content\/uploads\/2023\/05\/rueckenmassage-1-1024x768.jpg 1024w, https:\/\/osas-massage.de\/wp-content\/uploads\/2023\/05\/rueckenmassage-1-300x225.jpg 300w, https:\/\/osas-massage.de\/wp-content\/uploads\/2023\/05\/rueckenmassage-1-768x576.jpg 768w, https:\/\/osas-massage.de\/wp-content\/uploads\/2023\/05\/rueckenmassage-1-1536x1152.jpg 1536w, https:\/\/osas-massage.de\/wp-content\/uploads\/2023\/05\/rueckenmassage-1-80x60.jpg 80w, https:\/\/osas-massage.de\/wp-content\/uploads\/2023\/05\/rueckenmassage-1-640x480.jpg 640w, https:\/\/osas-massage.de\/wp-content\/uploads\/2023\/05\/rueckenmassage-1-110x83.jpg 110w, https:\/\/osas-massage.de\/wp-content\/uploads\/2023\/05\/rueckenmassage-1.jpg 1920w\" sizes=\"auto, (max-width: 1024px) 100vw, 1024px\" \/><\/a><\/figure><\/div>\n\n\n\n<hr class=\"wp-block-separator has-alpha-channel-opacity\"\/>\n\n\n\n<div class=\"wp-block-media-text alignwide is-stacked-on-mobile\"><figure class=\"wp-block-media-text__media\"><a href=\"https:\/\/osas-massage.de\/index.php\/gesichtsmassage\/\"><img loading=\"lazy\" decoding=\"async\" width=\"1024\" height=\"645\" src=\"https:\/\/osas-massage.de\/wp-content\/uploads\/2023\/05\/gesichtsmassage2-1-1024x645.jpg\" alt=\"\" class=\"wp-image-133 size-full\" srcset=\"https:\/\/osas-massage.de\/wp-content\/uploads\/2023\/05\/gesichtsmassage2-1-1024x645.jpg 1024w, https:\/\/osas-massage.de\/wp-content\/uploads\/2023\/05\/gesichtsmassage2-1-300x189.jpg 300w, https:\/\/osas-massage.de\/wp-content\/uploads\/2023\/05\/gesichtsmassage2-1-768x484.jpg 768w, https:\/\/osas-massage.de\/wp-content\/uploads\/2023\/05\/gesichtsmassage2-1-1536x967.jpg 1536w, https:\/\/osas-massage.de\/wp-content\/uploads\/2023\/05\/gesichtsmassage2-1-95x60.jpg 95w, https:\/\/osas-massage.de\/wp-content\/uploads\/2023\/05\/gesichtsmassage2-1.jpg 1920w\" sizes=\"auto, (max-width: 1024px) 100vw, 1024px\" \/><\/a><\/figure><div class=\"wp-block-media-text__content\">\n<p><strong>Gesichtsmassage<\/strong><br><br>Eine Gesichtsmassage ist eine entspannende und wohltuende Methode, um die Muskeln und die Haut im Gesicht zu stimulieren und zu entspannen.<\/p>\n<\/div><\/div>\n\n\n\n<hr class=\"wp-block-separator has-alpha-channel-opacity\"\/>\n\n\n\n<div class=\"wp-block-media-text alignwide has-media-on-the-right is-stacked-on-mobile\"><div class=\"wp-block-media-text__content\">\n<p><strong>Augenbrauen zupfen<\/strong><br><br>Augenbrauen zupfen ist eine Technik zur Formgebung der Augenbrauen, bei der \u00fcbersch\u00fcssige Haare entfernt werden, um eine definierte und \u00e4sthetisch ansprechende Form zu erreichen.<\/p>\n<\/div><figure class=\"wp-block-media-text__media\"><a href=\"https:\/\/osas-massage.de\/index.php\/augenbrauen-zupfen\/\"><img loading=\"lazy\" decoding=\"async\" width=\"1024\" height=\"613\" src=\"https:\/\/osas-massage.de\/wp-content\/uploads\/2023\/05\/augenbrauen-1-1024x613.jpg\" alt=\"\" class=\"wp-image-134 size-full\" srcset=\"https:\/\/osas-massage.de\/wp-content\/uploads\/2023\/05\/augenbrauen-1-1024x613.jpg 1024w, https:\/\/osas-massage.de\/wp-content\/uploads\/2023\/05\/augenbrauen-1-300x180.jpg 300w, https:\/\/osas-massage.de\/wp-content\/uploads\/2023\/05\/augenbrauen-1-768x460.jpg 768w, https:\/\/osas-massage.de\/wp-content\/uploads\/2023\/05\/augenbrauen-1-1536x919.jpg 1536w, https:\/\/osas-massage.de\/wp-content\/uploads\/2023\/05\/augenbrauen-1-100x60.jpg 100w, https:\/\/osas-massage.de\/wp-content\/uploads\/2023\/05\/augenbrauen-1.jpg 1920w\" sizes=\"auto, (max-width: 1024px) 100vw, 1024px\" \/><\/a><\/figure><\/div>\n\n\n\n<hr class=\"wp-block-separator has-alpha-channel-opacity\"\/>\n\n\n\n<div class=\"wp-block-media-text alignwide is-stacked-on-mobile\"><figure class=\"wp-block-media-text__media\"><a href=\"https:\/\/osas-massage.de\/index.php\/fussreflexion\/\"><img loading=\"lazy\" decoding=\"async\" width=\"1024\" height=\"683\" src=\"https:\/\/osas-massage.de\/wp-content\/uploads\/2023\/05\/fussreflexion-1-1024x683.jpg\" alt=\"\" class=\"wp-image-136 size-full\" srcset=\"https:\/\/osas-massage.de\/wp-content\/uploads\/2023\/05\/fussreflexion-1-1024x683.jpg 1024w, https:\/\/osas-massage.de\/wp-content\/uploads\/2023\/05\/fussreflexion-1-300x200.jpg 300w, https:\/\/osas-massage.de\/wp-content\/uploads\/2023\/05\/fussreflexion-1-768x512.jpg 768w, https:\/\/osas-massage.de\/wp-content\/uploads\/2023\/05\/fussreflexion-1-1536x1024.jpg 1536w, https:\/\/osas-massage.de\/wp-content\/uploads\/2023\/05\/fussreflexion-1-90x60.jpg 90w, https:\/\/osas-massage.de\/wp-content\/uploads\/2023\/05\/fussreflexion-1-370x247.jpg 370w, https:\/\/osas-massage.de\/wp-content\/uploads\/2023\/05\/fussreflexion-1-776x517.jpg 776w, https:\/\/osas-massage.de\/wp-content\/uploads\/2023\/05\/fussreflexion-1.jpg 1920w\" sizes=\"auto, (max-width: 1024px) 100vw, 1024px\" \/><\/a><\/figure><div class=\"wp-block-media-text__content\">\n<p><strong>Fu\u00dfreflexion<\/strong><br><br>Fu\u00dfreflexion ist eine alternative Heilmethode, die auf der Annahme beruht, dass bestimmte Bereiche und Punkte der F\u00fc\u00dfe mit verschiedenen Organen und Systemen des K\u00f6rpers in Verbindung stehen.<\/p>\n<\/div><\/div>\n\n\n\n<hr class=\"wp-block-separator has-alpha-channel-opacity\"\/>\n\n\n\n<div class=\"wp-block-media-text alignwide has-media-on-the-right is-stacked-on-mobile\"><div class=\"wp-block-media-text__content\">\n<p><strong>Kopfmassage<\/strong><br><br>Eine Kopfmassage ist eine wohltuende und entspannende Technik, bei der sanfter Druck und Streichbewegungen auf die Kopfhaut und den Nacken ausge\u00fcbt werden.+<\/p>\n<\/div><figure class=\"wp-block-media-text__media\"><a href=\"https:\/\/osas-massage.de\/index.php\/kopfmassage\/\"><img loading=\"lazy\" decoding=\"async\" width=\"1024\" height=\"683\" src=\"https:\/\/osas-massage.de\/wp-content\/uploads\/2023\/05\/gesichtsmassage-1-1024x683.jpg\" alt=\"\" class=\"wp-image-137 size-full\" srcset=\"https:\/\/osas-massage.de\/wp-content\/uploads\/2023\/05\/gesichtsmassage-1-1024x683.jpg 1024w, https:\/\/osas-massage.de\/wp-content\/uploads\/2023\/05\/gesichtsmassage-1-300x200.jpg 300w, https:\/\/osas-massage.de\/wp-content\/uploads\/2023\/05\/gesichtsmassage-1-768x512.jpg 768w, https:\/\/osas-massage.de\/wp-content\/uploads\/2023\/05\/gesichtsmassage-1-1536x1024.jpg 1536w, https:\/\/osas-massage.de\/wp-content\/uploads\/2023\/05\/gesichtsmassage-1-90x60.jpg 90w, https:\/\/osas-massage.de\/wp-content\/uploads\/2023\/05\/gesichtsmassage-1-370x247.jpg 370w, https:\/\/osas-massage.de\/wp-content\/uploads\/2023\/05\/gesichtsmassage-1-776x517.jpg 776w, https:\/\/osas-massage.de\/wp-content\/uploads\/2023\/05\/gesichtsmassage-1.jpg 1920w\" sizes=\"auto, (max-width: 1024px) 100vw, 1024px\" \/><\/a><\/figure><\/div>\n\n\n\n<hr class=\"wp-block-separator has-alpha-channel-opacity\"\/>\n\n\n\n<div class=\"wp-block-media-text alignwide is-stacked-on-mobile\"><figure class=\"wp-block-media-text__media\"><a href=\"https:\/\/osas-massage.de\/index.php\/aromaoelmassage\/\"><img loading=\"lazy\" decoding=\"async\" width=\"1024\" height=\"683\" src=\"https:\/\/osas-massage.de\/wp-content\/uploads\/2023\/05\/aromaoel-1-1024x683.jpg\" alt=\"\" class=\"wp-image-138 size-full\" srcset=\"https:\/\/osas-massage.de\/wp-content\/uploads\/2023\/05\/aromaoel-1-1024x683.jpg 1024w, https:\/\/osas-massage.de\/wp-content\/uploads\/2023\/05\/aromaoel-1-300x200.jpg 300w, https:\/\/osas-massage.de\/wp-content\/uploads\/2023\/05\/aromaoel-1-768x512.jpg 768w, https:\/\/osas-massage.de\/wp-content\/uploads\/2023\/05\/aromaoel-1-1536x1024.jpg 1536w, https:\/\/osas-massage.de\/wp-content\/uploads\/2023\/05\/aromaoel-1-90x60.jpg 90w, https:\/\/osas-massage.de\/wp-content\/uploads\/2023\/05\/aromaoel-1-370x247.jpg 370w, https:\/\/osas-massage.de\/wp-content\/uploads\/2023\/05\/aromaoel-1-776x517.jpg 776w, https:\/\/osas-massage.de\/wp-content\/uploads\/2023\/05\/aromaoel-1.jpg 1920w\" sizes=\"auto, (max-width: 1024px) 100vw, 1024px\" \/><\/a><\/figure><div class=\"wp-block-media-text__content\">\n<p><strong>Aroma\u00f6lmassage<\/strong><br><br>Die Aroma\u00f6lmassage ist eine wunderbare Methode, um K\u00f6rper und Geist zu entspannen und das allgemeine Wohlbefinden zu steigern.<\/p>\n<\/div><\/div>\n","protected":false},"excerpt":{"rendered":"<p>Ganzk\u00f6rpermassageEine Ganzk\u00f6rpermassage ist eine wunderbare Methode, um K\u00f6rper und Geist zu entspannen und das allgemeine Wohlbefinden zu steigern. R\u00fcckenmassage Eine R\u00fcckenmassage ist eine wohltuende und entspannende Behandlungsmethode, die darauf abzielt, &hellip; <\/p>\n","protected":false},"author":1,"featured_media":0,"parent":0,"menu_order":0,"comment_status":"closed","ping_status":"closed","template":"","meta":{"footnotes":""},"class_list":["post-45","page","type-page","status-publish","hentry"],"_links":{"self":[{"href":"https:\/\/osas-massage.de\/index.php\/wp-json\/wp\/v2\/pages\/45","targetHints":{"allow":["GET"]}}],"collection":[{"href":"https:\/\/osas-massage.de\/index.php\/wp-json\/wp\/v2\/pages"}],"about":[{"href":"https:\/\/osas-massage.de\/index.php\/wp-json\/wp\/v2\/types\/page"}],"author":[{"embeddable":true,"href":"https:\/\/osas-massage.de\/index.php\/wp-json\/wp\/v2\/users\/1"}],"replies":[{"embeddable":true,"href":"https:\/\/osas-massage.de\/index.php\/wp-json\/wp\/v2\/comments?post=45"}],"version-history":[{"count":9,"href":"https:\/\/osas-massage.de\/index.php\/wp-json\/wp\/v2\/pages\/45\/revisions"}],"predecessor-version":[{"id":147,"href":"https:\/\/osas-massage.de\/index.php\/wp-json\/wp\/v2\/pages\/45\/revisions\/147"}],"wp:attachment":[{"href":"https:\/\/osas-massage.de\/index.php\/wp-json\/wp\/v2\/media?parent=45"}],"curies":[{"name":"wp","href":"https:\/\/api.w.org\/{rel}","templated":true}]}}